{"id":802,"date":"2021-06-03T07:52:40","date_gmt":"2021-06-03T07:52:40","guid":{"rendered":"http:\/\/ilsogno-groningen.nl\/?page_id=802"},"modified":"2025-11-14T08:51:12","modified_gmt":"2025-11-14T08:51:12","slug":"reserveren","status":"publish","type":"page","link":"https:\/\/ilsogno-groningen.nl\/?page_id=802","title":{"rendered":"Reserveren"},"content":{"rendered":"\t\t<div data-elementor-type=\"wp-page\" data-elementor-id=\"802\" class=\"elementor elementor-802\">\n\t\t\t\t\t\t<section class=\"elementor-section elementor-top-section elementor-element elementor-element-b3a168b elementor-section-boxed elementor-section-height-default elementor-section-height-default\" data-id=\"b3a168b\" data-element_type=\"section\" data-e-type=\"section\">\n\t\t\t\t\t\t<div class=\"elementor-container elementor-column-gap-default\">\n\t\t\t\t\t<div class=\"elementor-column elementor-col-100 elementor-top-column elementor-element elementor-element-5842927\" data-id=\"5842927\" data-element_type=\"column\" data-e-type=\"column\">\n\t\t\t<div class=\"elementor-widget-wrap elementor-element-populated\">\n\t\t\t\t\t\t<div class=\"elementor-element elementor-element-80f18bc elementor-widget elementor-widget-heading\" data-id=\"80f18bc\" data-element_type=\"widget\" data-e-type=\"widget\" data-widget_type=\"heading.default\">\n\t\t\t\t<div class=\"elementor-widget-container\">\n\t\t\t\t\t<h4 class=\"elementor-heading-title elementor-size-default\">U Kunt op onderstaande manieren reserveren:<\/h4>\t\t\t\t<\/div>\n\t\t\t\t<\/div>\n\t\t\t\t<div class=\"elementor-element elementor-element-31e3d8b elementor-widget elementor-widget-text-editor\" data-id=\"31e3d8b\" data-element_type=\"widget\" data-e-type=\"widget\" data-widget_type=\"text-editor.default\">\n\t\t\t\t<div class=\"elementor-widget-container\">\n\t\t\t\t\t\t\t\t\t<h6><br><\/h6>\n<ul><li><strong>Telefonisch <\/strong>(vanaf 13.30 uur) via vaste telefoonnummer<strong>&nbsp;<\/strong><strong>050-8503055<\/strong><\/li>\n<li><strong>Per mail<\/strong> (LET OP! voor dezelfde dag all\u00e9\u00e9n v\u00f3\u00f3r 13.30 uur ) via emailadres: <strong>ilsogno-groningen@outlook.com<\/strong>&nbsp;. Graag verzoeken wij de volgende gegevens in uw reservering te noteren; <strong>uw naam<\/strong>, <strong>aantal personen<\/strong>, <strong>tijdstip<\/strong>, <strong>mobiele telefoonnummer.<\/strong>&nbsp;<\/li>\n<\/ul>\n<ul>\n<li><strong>Per Whatsapp&nbsp;<\/strong>(LET OP! voor dezelfde dag all\u00e9\u00e9n v\u00f3\u00f3r 13.30 uur ) via nummer:&nbsp;<strong>+31 50 850 3055 <\/strong><em>(let op! gebruik wel de +31)<\/em>&nbsp;.&nbsp;Graag verzoeken wij de volgende gegevens in uw reservering te noteren;&nbsp;<strong>uw naam<\/strong>,&nbsp;<strong>aantal personen<\/strong>,&nbsp;<strong>tijdstip<\/strong>,&nbsp;<strong>mobiele telefoonnummer<\/strong>.&nbsp;<\/li>\n<\/ul>\n<div><b style=\"font-style: italic;\">&nbsp;<\/b><\/div>\n<div>\n<p><span style=\"color: var( --e-global-color-ddfeb3f ); font-size: 1rem; font-style: italic;\">LET OP!&nbsp; reserveert u via email of Whatsapp graag altijd volledige b<\/span><span style=\"color: var( --e-global-color-ddfeb3f ); font-size: 1rem; font-style: italic;\">ovenstaande gevraagde informatie geven zodat we u direct een bevestiging kunnen sturen van uw reservering.&nbsp;<\/span><span style=\"color: var( --e-global-color-ddfeb3f ); font-size: 1rem; font-style: italic;\">UW RESERVERING IS PAS DEFINITIEF&nbsp; NADAT U EEN BEVESTIGING VAN ONS HEEFT ONTVANGEN!<\/span><\/p>\n<\/div>\t\t\t\t\t\t\t\t<\/div>\n\t\t\t\t<\/div>\n\t\t\t\t<div class=\"elementor-element elementor-element-50ecdee elementor-widget elementor-widget-image\" data-id=\"50ecdee\" data-element_type=\"widget\" data-e-type=\"widget\" data-widget_type=\"image.default\">\n\t\t\t\t<div class=\"elementor-widget-container\">\n\t\t\t\t\t\t\t\t\t\t\t\t\t\t\t<img decoding=\"async\" width=\"300\" height=\"166\" src=\"https:\/\/ilsogno-groningen.nl\/wp-content\/uploads\/2022\/04\/Aumentare-le-prenotazioni-in-ristorante-300x166.jpg\" class=\"attachment-medium size-medium wp-image-1182\" alt=\"\" srcset=\"https:\/\/ilsogno-groningen.nl\/wp-content\/uploads\/2022\/04\/Aumentare-le-prenotazioni-in-ristorante-300x166.jpg 300w, https:\/\/ilsogno-groningen.nl\/wp-content\/uploads\/2022\/04\/Aumentare-le-prenotazioni-in-ristorante-768x425.jpg 768w, https:\/\/ilsogno-groningen.nl\/wp-content\/uploads\/2022\/04\/Aumentare-le-prenotazioni-in-ristorante.jpg 800w\" sizes=\"(max-width: 300px) 100vw, 300px\" style=\"width:100%;height:55.38%;max-width:800px\" \/>\t\t\t\t\t\t\t\t\t\t\t\t\t\t\t<\/div>\n\t\t\t\t<\/div>\n\t\t\t\t<div class=\"elementor-element elementor-element-29a503a elementor-align-center elementor-widget elementor-widget-button\" data-id=\"29a503a\" data-element_type=\"widget\" data-e-type=\"widget\" data-widget_type=\"button.default\">\n\t\t\t\t<div class=\"elementor-widget-container\">\n\t\t\t\t\t\t\t\t\t<div class=\"elementor-button-wrapper\">\n\t\t\t\t\t<a class=\"elementor-button elementor-button-link elementor-size-md\" href=\"https:\/\/ilsogno.sitedish.shop\/\">\n\t\t\t\t\t\t<span class=\"elementor-button-content-wrapper\">\n\t\t\t\t\t\t\t\t\t<span class=\"elementor-button-text\">KLIK HIER OM TE BESTELLEN VOOR AFHAAL EN BEZORGEN<\/span>\n\t\t\t\t\t<\/span>\n\t\t\t\t\t<\/a>\n\t\t\t\t<\/div>\n\t\t\t\t\t\t\t\t<\/div>\n\t\t\t\t<\/div>\n\t\t\t\t\t<\/div>\n\t\t<\/div>\n\t\t\t\t\t<\/div>\n\t\t<\/section>\n\t\t\t\t<\/div>\n\t\t","protected":false},"excerpt":{"rendered":"<p>U Kunt op onderstaande manieren reserveren: Telefonisch (vanaf 13.30 uur) via vaste telefoonnummer&nbsp;050-8503055 Per mail (LET OP! voor dezelfde dag all\u00e9\u00e9n v\u00f3\u00f3r 13.30 uur ) via emailadres: ilsogno-groningen@outlook.com&nbsp;. Graag verzoeken wij de volgende gegevens in uw reservering te noteren; uw naam, aantal personen, tijdstip, mobiele telefoonnummer.&nbsp; Per Whatsapp&nbsp;(LET OP! voor dezelfde dag all\u00e9\u00e9n v\u00f3\u00f3r 13.30&hellip; <a class=\"more-link\" href=\"https:\/\/ilsogno-groningen.nl\/?page_id=802\">Lees verder <span class=\"screen-reader-text\">Reserveren<\/span><\/a><\/p>\n","protected":false},"author":1,"featured_media":0,"parent":0,"menu_order":0,"comment_status":"closed","ping_status":"closed","template":"","meta":{"footnotes":""},"class_list":["post-802","page","type-page","status-publish","hentry","entry"],"_links":{"self":[{"href":"https:\/\/ilsogno-groningen.nl\/index.php?rest_route=\/wp\/v2\/pages\/802","targetHints":{"allow":["GET"]}}],"collection":[{"href":"https:\/\/ilsogno-groningen.nl\/index.php?rest_route=\/wp\/v2\/pages"}],"about":[{"href":"https:\/\/ilsogno-groningen.nl\/index.php?rest_route=\/wp\/v2\/types\/page"}],"author":[{"embeddable":true,"href":"https:\/\/ilsogno-groningen.nl\/index.php?rest_route=\/wp\/v2\/users\/1"}],"replies":[{"embeddable":true,"href":"https:\/\/ilsogno-groningen.nl\/index.php?rest_route=%2Fwp%2Fv2%2Fcomments&post=802"}],"version-history":[{"count":88,"href":"https:\/\/ilsogno-groningen.nl\/index.php?rest_route=\/wp\/v2\/pages\/802\/revisions"}],"predecessor-version":[{"id":1540,"href":"https:\/\/ilsogno-groningen.nl\/index.php?rest_route=\/wp\/v2\/pages\/802\/revisions\/1540"}],"wp:attachment":[{"href":"https:\/\/ilsogno-groningen.nl\/index.php?rest_route=%2Fwp%2Fv2%2Fmedia&parent=802"}],"curies":[{"name":"wp","href":"https:\/\/api.w.org\/{rel}","templated":true}]}}